{"id":559,"date":"2022-03-30T03:32:54","date_gmt":"2022-03-30T01:32:54","guid":{"rendered":"http:\/\/propepi.hu\/?page_id=559"},"modified":"2023-10-25T22:48:11","modified_gmt":"2023-10-25T20:48:11","slug":"home","status":"publish","type":"page","link":"https:\/\/propepi.hu\/","title":{"rendered":"Kezdooldal"},"content":{"rendered":"\n<div class=\"wp-block-uagb-container uagb-block-b45b75eb alignfull uagb-is-root-container\"><div class=\"uagb-container-inner-blocks-wrap\">\n<div class=\"wp-block-uagb-container uagb-block-d0d86f56\">\n<div class=\"wp-block-uagb-info-box uagb-block-b0e88aa1 uagb-infobox__content-wrap  uagb-infobox-icon-above-title uagb-infobox-image-valign-top\"><div class=\"uagb-ifb-content\"><div class=\"uagb-ifb-title-wrap\"><h1 class=\"uagb-ifb-title\">Pro-Pepi K\u00f6nyvel\u00e9s<\/h1><\/div><p class=\"uagb-ifb-desc\">\u00c9lesl\u00e1t\u00e1s a sz\u00e1mok vil\u00e1g\u00e1ban<\/p><\/div><\/div>\n\n\n\n<div class=\"wp-block-group is-vertical is-layout-flex wp-container-core-group-is-layout-fe9cc265 wp-block-group-is-layout-flex\">\n<div class=\"wp-block-uagb-buttons uagb-buttons__outer-wrap uagb-btn__default-btn uagb-btn-tablet__default-btn uagb-btn-mobile__default-btn uagb-block-7ca96744\"><div class=\"uagb-buttons__wrap uagb-buttons-layout-wrap\">\n<div class=\"wp-block-uagb-buttons-child uagb-buttons__outer-wrap uagb-block-59e2e4c1 wp-block-button\"><div class=\"uagb-button__wrapper\"><a class=\"uagb-buttons-repeater wp-block-button__link\" href=\"https:\/\/propepi.hu\/?page_id=2\" onclick=\"return true;\" rel=\"follow noopener\" target=\"_self\"><div class=\"uagb-button__link\">\u00dcgyf\u00e9l bejelentkez\u00e9s<\/div><\/a><\/div><\/div>\n<\/div><\/div>\n<\/div>\n<\/div>\n\n\n\n<div class=\"wp-block-uagb-container uagb-block-cdb291f5\">\n<div class=\"wp-block-uagb-image aligncenter uagb-block-ddf391cc wp-block-uagb-image--layout-default wp-block-uagb-image--effect-static wp-block-uagb-image--align-center uag-hide-mob\"><figure class=\"wp-block-uagb-image__figure\"><img decoding=\"async\" srcset=\"https:\/\/propepi.hu\/wp-content\/uploads\/2023\/10\/accounting.webp ,https:\/\/propepi.hu\/wp-content\/uploads\/2023\/10\/accounting.webp 780w, https:\/\/propepi.hu\/wp-content\/uploads\/2023\/10\/accounting.webp 360w\" sizes=\"auto, (max-width: 480px) 150px\" src=\"https:\/\/propepi.hu\/wp-content\/uploads\/2023\/10\/accounting.webp\" alt=\"\" class=\"uag-image-2338\" width=\"400\" height=\"600\" title=\"\" loading=\"lazy\"\/><\/figure><\/div>\n<\/div>\n<\/div><\/div>\n\n\n\n<div class=\"wp-block-uagb-container uagb-block-51ee0aff alignfull uagb-is-root-container\"><div class=\"uagb-container-inner-blocks-wrap\">\n<div class=\"wp-block-uagb-container uagb-block-87105534\">\n<div class=\"wp-block-uagb-container uagb-block-7a7b01fd\">\n<div class=\"wp-block-uagb-image alignleft uagb-block-352b11cd wp-block-uagb-image--layout-default wp-block-uagb-image--effect-static wp-block-uagb-image--align-left\"><figure class=\"wp-block-uagb-image__figure\"><img decoding=\"async\" srcset=\"https:\/\/propepi.hu\/wp-content\/uploads\/2023\/10\/Kanyo-Kriszti.png ,https:\/\/propepi.hu\/wp-content\/uploads\/2023\/10\/Kanyo-Kriszti.png 780w, https:\/\/propepi.hu\/wp-content\/uploads\/2023\/10\/Kanyo-Kriszti.png 360w\" sizes=\"auto, (max-width: 480px) 150px\" src=\"https:\/\/propepi.hu\/wp-content\/uploads\/2023\/10\/Kanyo-Kriszti.png\" alt=\"Kanyo Kriszti\" class=\"uag-image-2343\" width=\"600\" height=\"600\" title=\"\" loading=\"lazy\"\/><\/figure><\/div>\n<\/div>\n\n\n\n<div class=\"wp-block-uagb-container uagb-block-60f0ea11\">\n<div class=\"wp-block-uagb-info-box uagb-block-bc3d2b33 uagb-infobox__content-wrap  uagb-infobox-icon-above-title uagb-infobox-image-valign-top\"><div class=\"uagb-ifb-content\"><div class=\"uagb-ifb-title-wrap\"><span class=\"uagb-ifb-title-prefix\">BIOGRAPHY\u200b<\/span><h2 class=\"uagb-ifb-title\">R\u00f3lunk<\/h2><\/div><p class=\"uagb-ifb-desc\">C\u00e9g\u00fcnk t\u00f6rt\u00e9nete 1997-ben vette kezdet\u00e9t csal\u00e1di v\u00e1llalkoz\u00e1sk\u00e9nt. M\u00e9rlegk\u00e9pes k\u00f6nyvel\u0151nk 30 \u00e9vnyi szakmai tapasztalattal b\u00fcszk\u00e9lkedhet. \u0150 felel a teljes k\u00f6nyvel\u00e9si paletta kiszolg\u00e1l\u00e1s\u00e1\u00e9rt, \u00e9s biztos\u00edtja, hogy minden \u00fcgyfel\u00fcnk p\u00e9nz\u00fcgyeit a legmagasabb sz\u00ednvonalon kezelj\u00fck.<br>Gyorsan reag\u00e1lunk az egyedi k\u00f6nyvel\u00e9si ig\u00e9nyekre \u00e9s \u00fcgyfeleink el\u00e9gedetts\u00e9ge mindenn\u00e9l fontosabb sz\u00e1munkra. Mindig az \u00fcgyfeleinkre koncentr\u00e1lunk, \u00e9s igyeksz\u00fcnk megfelelni az ig\u00e9nyeiknek.<br>A Novitax programmal m\u00e1r 27 \u00e9ve dolgozunk, \u00edgy rendk\u00edv\u00fcl j\u00e1rtasak vagyunk ezen a ter\u00fcleten. A program hat\u00e9kony seg\u00edts\u00e9get ny\u00fajt sz\u00e1munkra a p\u00e9nz\u00fcgyi folyamatok kezel\u00e9s\u00e9ben \u00e9s garant\u00e1lja, hogy \u00fcgyfeleink mindig naprak\u00e9sz inform\u00e1ci\u00f3kat kapjanak p\u00e9nz\u00fcgyeikr\u0151l.<br>\u00a0<br>Mindenek felett b\u00fcszk\u00e9k vagyunk arra, hogy \u00e9vek \u00f3ta kiv\u00e1l\u00f3 k\u00f6nyvel\u00e9si szolg\u00e1ltat\u00e1st ny\u00fajtunk \u00fcgyfeleinknek.<\/p><div class=\"uagb-ifb-button-wrapper wp-block-button\"><a href=\"#\" class=\"uagb-infobox-cta-link wp-block-button__link\" target=\"_self\" rel=\"noopener noreferrer\" onclick=\"return false;\" alt=\"\"><span class=\"uagb-inline-editing\">Read More<\/span><\/a><\/div><\/div><\/div>\n<\/div>\n<\/div>\n<\/div><\/div>\n\n\n\n<div class=\"wp-block-uagb-container uagb-block-47c68233 alignfull uagb-is-root-container\"><div class=\"uagb-container-inner-blocks-wrap\">\n<div class=\"wp-block-uagb-container uagb-block-a1a41d67\">\n<div class=\"wp-block-uagb-container uagb-block-acd2344a\">\n<div class=\"wp-block-uagb-advanced-heading uagb-block-17ec1de4\"><h2 class=\"uagb-heading-text\">Szolgaltatasok<\/h2><\/div>\n<\/div>\n<\/div>\n<\/div><\/div>\n\n\n\n<div class=\"wp-block-uagb-container uagb-block-cd8e366b alignfull uagb-is-root-container\"><div class=\"uagb-container-inner-blocks-wrap\">\n<div class=\"wp-block-uagb-container uagb-block-7de2fa90\">\n<div class=\"wp-block-uagb-container uagb-block-7f956bdd\">\n<div class=\"wp-block-uagb-info-box uagb-block-690ef5e8 uagb-infobox__content-wrap  uagb-infobox-icon-above-title uagb-infobox-image-valign-top\"><div class=\"uagb-ifb-content\"><div class=\"uagb-ifb-title-wrap\"><h5 class=\"uagb-ifb-title\">Ad\u00f3tan\u00e1csad\u00e1s<\/h5><\/div><p class=\"uagb-ifb-desc\">Diam nibh non in enim nunc suscipit risus, adipiscing aenean quisque.<\/p><\/div><\/div>\n<\/div>\n\n\n\n<div class=\"wp-block-uagb-container uagb-block-f155cffd\">\n<div class=\"wp-block-uagb-info-box uagb-block-bfdeb441 uagb-infobox__content-wrap  uagb-infobox-icon-above-title uagb-infobox-image-valign-top\"><div class=\"uagb-ifb-content\"><div class=\"uagb-ifb-title-wrap\"><h5 class=\"uagb-ifb-title\">Ad\u00f3tan\u00e1csad\u00e1s<\/h5><\/div><p class=\"uagb-ifb-desc\">Diam nibh non in enim nunc suscipit risus, adipiscing aenean quisque.<\/p><\/div><\/div>\n<\/div>\n\n\n\n<div class=\"wp-block-uagb-container uagb-block-7e8d2398\">\n<div class=\"wp-block-uagb-info-box uagb-block-2f379eec uagb-infobox__content-wrap  uagb-infobox-icon-above-title uagb-infobox-image-valign-top\"><div class=\"uagb-ifb-content\"><div class=\"uagb-ifb-title-wrap\"><h5 class=\"uagb-ifb-title\">Ad\u00f3tan\u00e1csad\u00e1s<\/h5><\/div><p class=\"uagb-ifb-desc\">Diam nibh non in enim nunc suscipit risus, adipiscing aenean quisque.<\/p><\/div><\/div>\n<\/div>\n\n\n\n<div class=\"wp-block-uagb-container uagb-block-8a5c43e1\">\n<div class=\"wp-block-uagb-info-box uagb-block-51989ed4 uagb-infobox__content-wrap  uagb-infobox-icon-above-title uagb-infobox-image-valign-top\"><div class=\"uagb-ifb-content\"><div class=\"uagb-ifb-title-wrap\"><h5 class=\"uagb-ifb-title\">Ad\u00f3tan\u00e1csad\u00e1s<\/h5><\/div><p class=\"uagb-ifb-desc\">Diam nibh non in enim nunc suscipit risus, adipiscing aenean quisque.<\/p><\/div><\/div>\n<\/div>\n<\/div>\n<\/div><\/div>\n\n\n\n<div class=\"wp-block-uagb-container uagb-block-937305c8 alignfull uagb-is-root-container\"><div class=\"uagb-container-inner-blocks-wrap\">\n<div class=\"wp-block-uagb-container uagb-block-2f77c1c7 alignfull uagb-is-root-container\"><div class=\"uagb-container-inner-blocks-wrap\">\n<div class=\"wp-block-uagb-container uagb-block-73d53f47\">\n<div class=\"wp-block-uagb-info-box uagb-block-9df9c2ed uagb-infobox__content-wrap  uagb-infobox-icon-above-title uagb-infobox-image-valign-top\"><div class=\"uagb-ifb-content\"><div class=\"uagb-ifb-title-wrap\"><h1 class=\"uagb-ifb-title\">Kapcsolat<\/h1><\/div><p class=\"uagb-ifb-desc\">Valami szoveg valami szoveg<\/p><\/div><\/div>\n\n\n\n<div class=\"wp-block-uagb-container uagb-block-11e8ab28\">\n<div class=\"wp-block-uagb-info-box uagb-block-c6d7524f uagb-infobox__content-wrap  uagb-infobox-icon-left uagb-infobox-left uagb-infobox-stacked-mobile uagb-infobox-image-valign-middle\"><div class=\"uagb-ifb-icon-wrap\"><svg xmlns=\"https:\/\/www.w3.org\/2000\/svg\" viewBox=\"0 0 512 512\"><path d=\"M464 64C490.5 64 512 85.49 512 112C512 127.1 504.9 141.3 492.8 150.4L275.2 313.6C263.8 322.1 248.2 322.1 236.8 313.6L19.2 150.4C7.113 141.3 0 127.1 0 112C0 85.49 21.49 64 48 64H464zM217.6 339.2C240.4 356.3 271.6 356.3 294.4 339.2L512 176V384C512 419.3 483.3 448 448 448H64C28.65 448 0 419.3 0 384V176L217.6 339.2z\"><\/path><\/svg><\/div><div class=\"uagb-ifb-content\"><div class=\"uagb-ifb-title-wrap\"><h6 class=\"uagb-ifb-title\">Email<\/h6><\/div><p class=\"uagb-ifb-desc\">propepikonyveles@gmail.com<\/p><\/div><\/div>\n<\/div>\n\n\n\n<div class=\"wp-block-uagb-container uagb-block-fff64881\">\n<div class=\"wp-block-uagb-info-box uagb-block-540f9bc4 uagb-infobox__content-wrap  uagb-infobox-icon-left uagb-infobox-left uagb-infobox-stacked-mobile uagb-infobox-image-valign-middle\"><div class=\"uagb-ifb-icon-wrap\"><svg xmlns=\"https:\/\/www.w3.org\/2000\/svg\" viewBox=\"0 0 512 512\"><path d=\"M18.92 351.2l108.5-46.52c12.78-5.531 27.77-1.801 36.45 8.98l44.09 53.82c69.25-34 125.5-90.31 159.5-159.5l-53.81-44.04c-10.75-8.781-14.41-23.69-8.974-36.47l46.51-108.5c6.094-13.91 21.1-21.52 35.79-18.11l100.8 23.25c14.25 3.25 24.22 15.8 24.22 30.46c0 252.3-205.2 457.5-457.5 457.5c-14.67 0-27.18-9.968-30.45-24.22l-23.25-100.8C-2.571 372.4 5.018 357.2 18.92 351.2z\"><\/path><\/svg><\/div><div class=\"uagb-ifb-content\"><div class=\"uagb-ifb-title-wrap\"><h6 class=\"uagb-ifb-title\">Telefon<\/h6><\/div><p class=\"uagb-ifb-desc\">+36 30 123 4567<\/p><\/div><\/div>\n<\/div>\n\n\n\n<div class=\"wp-block-uagb-container uagb-block-484f16c8\">\n<div class=\"wp-block-uagb-info-box uagb-block-74f11844 uagb-infobox__content-wrap  uagb-infobox-icon-left uagb-infobox-left uagb-infobox-stacked-mobile uagb-infobox-image-valign-middle\"><div class=\"uagb-ifb-icon-wrap\"><svg xmlns=\"https:\/\/www.w3.org\/2000\/svg\" viewBox=\"0 0 512 512\"><path d=\"M464 64C490.5 64 512 85.49 512 112C512 127.1 504.9 141.3 492.8 150.4L275.2 313.6C263.8 322.1 248.2 322.1 236.8 313.6L19.2 150.4C7.113 141.3 0 127.1 0 112C0 85.49 21.49 64 48 64H464zM217.6 339.2C240.4 356.3 271.6 356.3 294.4 339.2L512 176V384C512 419.3 483.3 448 448 448H64C28.65 448 0 419.3 0 384V176L217.6 339.2z\"><\/path><\/svg><\/div><div class=\"uagb-ifb-content\"><div class=\"uagb-ifb-title-wrap\"><h6 class=\"uagb-ifb-title\">Iroda<\/h6><\/div><p class=\"uagb-ifb-desc\">2230 Gyomro, Valami utca 123<\/p><\/div><\/div>\n<\/div>\n<\/div>\n\n\n\t\t\t<div \n\t\t\tclass=\"wp-block-uagb-google-map uagb-google-map__wrap uagb-block-35364327     \"\n\t\t\tstyle=\"\" >\n\t\t\t\t<iframe\n\t\t\t\t\tclass=\"uagb-google-map__iframe\"\n\t\t\t\t\ttitle=\"Google Map for \"\n\t\t\t\t\tsrc=\"https:\/\/maps.google.com\/maps?q=Gyomro&#038;z=14&#038;hl=hu&#038;t=m&#038;output=embed&#038;iwloc=near\"\n\t\t\t\t\twidth=\"640\"\n\t\t\t\t\theight=\"559\"\n\t\t\t\t\tloading=\"lazy\"\n\t\t\t\t><\/iframe>\n\t\t\t<\/div>\n\t\t\t<\/div><\/div>\n<\/div><\/div>\n","protected":false},"excerpt":{"rendered":"<p>Szolgaltatasok<\/p>\n","protected":false},"author":1,"featured_media":0,"parent":0,"menu_order":0,"comment_status":"closed","ping_status":"closed","template":"","meta":{"_uag_custom_page_level_css":"","site-sidebar-layout":"no-sidebar","site-content-layout":"page-builder","ast-site-content-layout":"full-width-container","site-content-style":"unboxed","site-sidebar-style":"unboxed","ast-global-header-display":"","ast-banner-title-visibility":"","ast-main-header-display":"","ast-hfb-above-header-display":"","ast-hfb-below-header-display":"","ast-hfb-mobile-header-display":"","site-post-title":"disabled","ast-breadcrumbs-content":"","ast-featured-img":"disabled","footer-sml-layout":"","theme-transparent-header-meta":"enabled","adv-header-id-meta":"","stick-header-meta":"","header-above-stick-meta":"","header-main-stick-meta":"","header-below-stick-meta":"","astra-migrate-meta-layouts":"set","footnotes":""},"class_list":["post-559","page","type-page","status-publish","hentry"],"uagb_featured_image_src":{"full":false,"thumbnail":false,"medium":false,"medium_large":false,"large":false,"1536x1536":false,"2048x2048":false},"uagb_author_info":{"display_name":"propepikonyveles","author_link":"https:\/\/propepi.hu\/?author=1"},"uagb_comment_info":0,"uagb_excerpt":"Szolgaltatasok","_links":{"self":[{"href":"https:\/\/propepi.hu\/index.php?rest_route=\/wp\/v2\/pages\/559","targetHints":{"allow":["GET"]}}],"collection":[{"href":"https:\/\/propepi.hu\/index.php?rest_route=\/wp\/v2\/pages"}],"about":[{"href":"https:\/\/propepi.hu\/index.php?rest_route=\/wp\/v2\/types\/page"}],"author":[{"embeddable":true,"href":"https:\/\/propepi.hu\/index.php?rest_route=\/wp\/v2\/users\/1"}],"replies":[{"embeddable":true,"href":"https:\/\/propepi.hu\/index.php?rest_route=%2Fwp%2Fv2%2Fcomments&post=559"}],"version-history":[{"count":43,"href":"https:\/\/propepi.hu\/index.php?rest_route=\/wp\/v2\/pages\/559\/revisions"}],"predecessor-version":[{"id":2398,"href":"https:\/\/propepi.hu\/index.php?rest_route=\/wp\/v2\/pages\/559\/revisions\/2398"}],"wp:attachment":[{"href":"https:\/\/propepi.hu\/index.php?rest_route=%2Fwp%2Fv2%2Fmedia&parent=559"}],"curies":[{"name":"wp","href":"https:\/\/api.w.org\/{rel}","templated":true}]}}